{"id":11803,"date":"2024-02-05T08:52:51","date_gmt":"2024-02-05T08:52:51","guid":{"rendered":"https:\/\/holo-metrix.com\/?page_id=11803"},"modified":"2024-02-05T09:12:41","modified_gmt":"2024-02-05T09:12:41","slug":"fullstackdevelopment","status":"publish","type":"page","link":"https:\/\/holo-metrix.com\/en\/fullstackdevelopment\/","title":{"rendered":"Job#4"},"content":{"rendered":"<div data-elementor-type=\"wp-page\" data-elementor-id=\"11803\" class=\"elementor elementor-11803\" data-elementor-post-type=\"page\">\n\t\t\t\t\t\t<section class=\"elementor-section elementor-top-section elementor-element elementor-element-2ac30162 elementor-section-full_width elementor-section-height-default elementor-section-height-default\" data-id=\"2ac30162\" data-element_type=\"section\" data-settings=\"{&quot;background_background&quot;:&quot;classic&quot;}\">\n\t\t\t\t\t\t\t<div class=\"elementor-background-overlay\"><\/div>\n\t\t\t\t\t\t\t<div class=\"elementor-container elementor-column-gap-default\">\n\t\t\t\t\t<div class=\"elementor-column elementor-col-100 elementor-top-column elementor-element elementor-element-ad3b1c9\" data-id=\"ad3b1c9\" data-element_type=\"column\">\n\t\t\t<div class=\"elementor-widget-wrap elementor-element-populated\">\n\t\t\t\t\t\t<section class=\"elementor-section elementor-inner-section elementor-element elementor-element-64fbd93d elementor-section-boxed elementor-section-height-default elementor-section-height-default\" data-id=\"64fbd93d\" data-element_type=\"section\">\n\t\t\t\t\t\t<div class=\"elementor-container elementor-column-gap-default\">\n\t\t\t\t\t<div class=\"elementor-column elementor-col-100 elementor-inner-column elementor-element elementor-element-292859ae\" data-id=\"292859ae\" data-element_type=\"column\" data-settings=\"{&quot;background_background&quot;:&quot;classic&quot;}\">\n\t\t\t<div class=\"elementor-widget-wrap elementor-element-populated\">\n\t\t\t\t\t\t<div class=\"elementor-element elementor-element-542c0c18 elementor-align-center elementor-widget elementor-widget-button\" data-id=\"542c0c18\" data-element_type=\"widget\" data-widget_type=\"button.default\">\n\t\t\t\t<div class=\"elementor-widget-container\">\n\t\t\t\t\t\t\t\t\t<div class=\"elementor-button-wrapper\">\n\t\t\t\t\t<a class=\"elementor-button elementor-size-md\" role=\"button\">\n\t\t\t\t\t\t<span class=\"elementor-button-content-wrapper\">\n\t\t\t\t\t\t\t\t\t<span class=\"elementor-button-text\">Werkstudent (M\/W) Full Stack Developement<\/span>\n\t\t\t\t\t<\/span>\n\t\t\t\t\t<\/a>\n\t\t\t\t<\/div>\n\t\t\t\t\t\t\t\t<\/div>\n\t\t\t\t<\/div>\n\t\t\t\t<div class=\"elementor-element elementor-element-17424b2b elementor-widget elementor-widget-text-editor\" data-id=\"17424b2b\" data-element_type=\"widget\" data-widget_type=\"text-editor.default\">\n\t\t\t\t<div class=\"elementor-widget-container\">\n\t\t\t\t\t\t\t\t\t<p><span class=\"OYPEnA text-decoration-none text-strikethrough-none\">Wir suchen einen engagierten Werkstudenten, der unsere digitalen Welten mit frischen Ideen und Tatendrang bereichern m\u00f6chte. Als Werkstudent (m\/w\/d) Full Stack Developer bei HoloMetrix wirst du die M\u00f6glichkeit haben, deine F\u00e4higkeiten in einem dynamischen Umfeld weiterzuentwickeln und eigene Projekte zu \u00fcbernehmen.<\/span><\/p>\t\t\t\t\t\t\t\t<\/div>\n\t\t\t\t<\/div>\n\t\t\t\t<div class=\"elementor-element elementor-element-20bb1c45 elementor-widget elementor-widget-heading\" data-id=\"20bb1c45\" data-element_type=\"widget\" data-widget_type=\"heading.default\">\n\t\t\t\t<div class=\"elementor-widget-container\">\n\t\t\t\t\t<h2 class=\"elementor-heading-title elementor-size-default\">Aufgaben<\/h2>\t\t\t\t<\/div>\n\t\t\t\t<\/div>\n\t\t\t\t<div class=\"elementor-element elementor-element-63bcad58 elementor-widget elementor-widget-text-editor\" data-id=\"63bcad58\" data-element_type=\"widget\" data-widget_type=\"text-editor.default\">\n\t\t\t\t<div class=\"elementor-widget-container\">\n\t\t\t\t\t\t\t\t\t<div class=\"\" data-block=\"true\" data-editor=\"f0rr\" data-offset-key=\"64n2g-0-0\"><div class=\"public-DraftStyleDefault-block public-DraftStyleDefault-ltr\" data-offset-key=\"64n2g-0-0\"><div class=\"\" data-block=\"true\" data-editor=\"f0rr\" data-offset-key=\"64n2g-0-0\"><div class=\"public-DraftStyleDefault-block public-DraftStyleDefault-ltr\" data-offset-key=\"64n2g-0-0\"><ul><li><span class=\"OYPEnA text-decoration-none text-strikethrough-none\">Entwicklung, Wartung und Optimierung von Webanwendungen unter Verwendung von React.js, PHP und MySql.<\/span><\/li><li><span class=\"OYPEnA text-decoration-none text-strikethrough-none\">Zusammenarbeit mit dem Design- und Entwicklungsteam, um innovative L\u00f6sungen f\u00fcr technische Herausforderungen zu finden.<\/span><\/li><li><span class=\"OYPEnA text-decoration-none text-strikethrough-none\">Integration von benutzerfreundlichen Schnittstellen und Backend-Diensten.<\/span><\/li><\/ul><\/div><\/div><\/div><\/div>\t\t\t\t\t\t\t\t<\/div>\n\t\t\t\t<\/div>\n\t\t\t\t<div class=\"elementor-element elementor-element-7eedd254 elementor-widget elementor-widget-heading\" data-id=\"7eedd254\" data-element_type=\"widget\" data-widget_type=\"heading.default\">\n\t\t\t\t<div class=\"elementor-widget-container\">\n\t\t\t\t\t<h2 class=\"elementor-heading-title elementor-size-default\">Anforderungen<\/h2>\t\t\t\t<\/div>\n\t\t\t\t<\/div>\n\t\t\t\t<div class=\"elementor-element elementor-element-46ce3d3 elementor-widget elementor-widget-text-editor\" data-id=\"46ce3d3\" data-element_type=\"widget\" data-widget_type=\"text-editor.default\">\n\t\t\t\t<div class=\"elementor-widget-container\">\n\t\t\t\t\t\t\t\t\t<ul><li><span class=\"OYPEnA text-decoration-none text-strikethrough-none\">Erfahrung in der Entwicklung mit React.js, PHP und MySql.<\/span><\/li><li><span class=\"OYPEnA text-decoration-none text-strikethrough-none\">Interesse an der Gestaltung und Implementierung ansprechender Benutzeroberfl\u00e4chen.<\/span><\/li><li><span class=\"OYPEnA text-decoration-none text-strikethrough-none\">F\u00e4higkeit zur Integration von Frontend- und Backend-Technologien.<\/span><\/li><li><span class=\"OYPEnA text-decoration-none text-strikethrough-none\">Nachweisliche Erfahrung in der Umsetzung von (bezahlten) Projekten unter Verwendung der genannten Technologien.<\/span><\/li><li><span class=\"OYPEnA text-decoration-none text-strikethrough-none\">Ein aussagekr\u00e4ftiges Portfolio mit mindestens 3 vergleichbaren (bezahlten) Projekten. Die Technologien m\u00fcssen nicht zwingend in der gleichen Konstellation vorkommen.<\/span><\/li><\/ul>\t\t\t\t\t\t\t\t<\/div>\n\t\t\t\t<\/div>\n\t\t\t\t<div class=\"elementor-element elementor-element-ce44126 elementor-widget elementor-widget-heading\" data-id=\"ce44126\" data-element_type=\"widget\" data-widget_type=\"heading.default\">\n\t\t\t\t<div class=\"elementor-widget-container\">\n\t\t\t\t\t<h2 class=\"elementor-heading-title elementor-size-default\">Wir bieten<\/h2>\t\t\t\t<\/div>\n\t\t\t\t<\/div>\n\t\t\t\t<div class=\"elementor-element elementor-element-8543fd0 elementor-widget elementor-widget-text-editor\" data-id=\"8543fd0\" data-element_type=\"widget\" data-widget_type=\"text-editor.default\">\n\t\t\t\t<div class=\"elementor-widget-container\">\n\t\t\t\t\t\t\t\t\t<ul><li><span class=\"OYPEnA text-decoration-none text-strikethrough-none\">Ein innovatives Arbeitsumfeld, das viel Raum f\u00fcr eigene Ideen und pers\u00f6nliches Wachstum bietet<\/span><\/li><li><span class=\"OYPEnA text-decoration-none text-strikethrough-none\">Flache Hierarchien und Kommunikation auf Augenh\u00f6he<\/span><\/li><li><span class=\"OYPEnA text-decoration-none text-strikethrough-none\">Flexible Arbeitszeiten, die sich ideal mit deinem Studium vereinbaren lassen<\/span><\/li><li><span class=\"OYPEnA text-decoration-none text-strikethrough-none\">Eigener Firmenlaptop<\/span><\/li><\/ul>\t\t\t\t\t\t\t\t<\/div>\n\t\t\t\t<\/div>\n\t\t\t\t<div class=\"elementor-element elementor-element-27fc0ef elementor-widget elementor-widget-text-editor\" data-id=\"27fc0ef\" data-element_type=\"widget\" data-widget_type=\"text-editor.default\">\n\t\t\t\t<div class=\"elementor-widget-container\">\n\t\t\t\t\t\t\t\t\t<p><span class=\"OYPEnA text-decoration-none text-strikethrough-none\">Wenn du auf der Suche nach einer herausfordernden Werkstudentenposition als Full Stack Developer bist, bei der du echte Projekte mitgestalten kannst, freuen wir uns darauf, von dir zu h\u00f6ren. Klicke auf &#8222;Jetzt Bewerben&#8220; und sende uns deinen Lebenslauf, ein kurzes Anschreiben und Ausschnitte aus deinen bisherigen Projekten. Wir sind gespannt darauf, gemeinsam mit dir die digitale Zukunft zu gestalten!<\/span><\/p>\t\t\t\t\t\t\t\t<\/div>\n\t\t\t\t<\/div>\n\t\t\t\t<div class=\"elementor-element elementor-element-12269822 elementor-align-center elementor-widget elementor-widget-button\" data-id=\"12269822\" data-element_type=\"widget\" data-widget_type=\"button.default\">\n\t\t\t\t<div class=\"elementor-widget-container\">\n\t\t\t\t\t\t\t\t\t<div class=\"elementor-button-wrapper\">\n\t\t\t\t\t<a class=\"elementor-button elementor-button-link elementor-size-md elementor-animation-float\" href=\"https:\/\/holo-metrix.com\/en\/karriere\/#Bewerben_Desktop\">\n\t\t\t\t\t\t<span class=\"elementor-button-content-wrapper\">\n\t\t\t\t\t\t\t\t\t<span class=\"elementor-button-text\">JETZT BEWERBEN!<\/span>\n\t\t\t\t\t<\/span>\n\t\t\t\t\t<\/a>\n\t\t\t\t<\/div>\n\t\t\t\t\t\t\t\t<\/div>\n\t\t\t\t<\/div>\n\t\t\t\t\t<\/div>\n\t\t<\/div>\n\t\t\t\t\t<\/div>\n\t\t<\/section>\n\t\t\t\t<section class=\"elementor-section elementor-inner-section elementor-element elementor-element-5e370d2e elementor-section-boxed elementor-section-height-default elementor-section-height-default\" data-id=\"5e370d2e\" data-element_type=\"section\">\n\t\t\t\t\t\t<div class=\"elementor-container elementor-column-gap-default\">\n\t\t\t\t\t<div class=\"elementor-column elementor-col-100 elementor-inner-column elementor-element elementor-element-62b8bbd8\" data-id=\"62b8bbd8\" data-element_type=\"column\">\n\t\t\t<div class=\"elementor-widget-wrap\">\n\t\t\t\t\t\t\t<\/div>\n\t\t<\/div>\n\t\t\t\t\t<\/div>\n\t\t<\/section>\n\t\t\t\t\t<\/div>\n\t\t<\/div>\n\t\t\t\t\t<\/div>\n\t\t<\/section>\n\t\t\t\t<\/div>","protected":false},"excerpt":{"rendered":"<p>Werkstudent (M\/W) Full Stack Developement Wir suchen einen engagierten Werkstudenten, der unsere digitalen Welten mit frischen Ideen und Tatendrang bereichern m\u00f6chte. Als Werkstudent (m\/w\/d) Full Stack Developer bei HoloMetrix wirst du die M\u00f6glichkeit haben, deine F\u00e4higkeiten in einem dynamischen Umfeld weiterzuentwickeln und eigene Projekte zu \u00fcbernehmen. Aufgaben Entwicklung, Wartung und Optimierung von Webanwendungen unter Verwendung [&hellip;]<\/p>","protected":false},"author":1,"featured_media":0,"parent":0,"menu_order":0,"comment_status":"closed","ping_status":"closed","template":"","meta":{"footnotes":""},"class_list":["post-11803","page","type-page","status-publish","hentry"],"blocksy_meta":[],"_links":{"self":[{"href":"https:\/\/holo-metrix.com\/en\/wp-json\/wp\/v2\/pages\/11803","targetHints":{"allow":["GET"]}}],"collection":[{"href":"https:\/\/holo-metrix.com\/en\/wp-json\/wp\/v2\/pages"}],"about":[{"href":"https:\/\/holo-metrix.com\/en\/wp-json\/wp\/v2\/types\/page"}],"author":[{"embeddable":true,"href":"https:\/\/holo-metrix.com\/en\/wp-json\/wp\/v2\/users\/1"}],"replies":[{"embeddable":true,"href":"https:\/\/holo-metrix.com\/en\/wp-json\/wp\/v2\/comments?post=11803"}],"version-history":[{"count":10,"href":"https:\/\/holo-metrix.com\/en\/wp-json\/wp\/v2\/pages\/11803\/revisions"}],"predecessor-version":[{"id":11818,"href":"https:\/\/holo-metrix.com\/en\/wp-json\/wp\/v2\/pages\/11803\/revisions\/11818"}],"wp:attachment":[{"href":"https:\/\/holo-metrix.com\/en\/wp-json\/wp\/v2\/media?parent=11803"}],"curies":[{"name":"wp","href":"https:\/\/api.w.org\/{rel}","templated":true}]}}