{"id":11011,"date":"2023-03-24T07:33:00","date_gmt":"2023-03-24T07:33:00","guid":{"rendered":"https:\/\/holo-metrix.com\/?page_id=11011"},"modified":"2023-03-24T09:34:19","modified_gmt":"2023-03-24T09:34:19","slug":"frageformular","status":"publish","type":"page","link":"https:\/\/holo-metrix.com\/en\/frageformular\/","title":{"rendered":"Frageformular"},"content":{"rendered":"<div data-elementor-type=\"wp-page\" data-elementor-id=\"11011\" class=\"elementor elementor-11011\" data-elementor-post-type=\"page\">\n\t\t\t\t\t\t<section class=\"elementor-section elementor-top-section elementor-element elementor-element-f277c13 elementor-hidden-tablet elementor-hidden-mobile elementor-section-boxed elementor-section-height-default elementor-section-height-default\" data-id=\"f277c13\" data-element_type=\"section\">\n\t\t\t\t\t\t<div class=\"elementor-container elementor-column-gap-default\">\n\t\t\t\t\t<div class=\"elementor-column elementor-col-100 elementor-top-column elementor-element elementor-element-08412f2\" data-id=\"08412f2\" data-element_type=\"column\">\n\t\t\t<div class=\"elementor-widget-wrap elementor-element-populated\">\n\t\t\t\t\t\t<div class=\"elementor-element elementor-element-77b6d86 elementor-widget elementor-widget-heading\" data-id=\"77b6d86\" data-element_type=\"widget\" data-widget_type=\"heading.default\">\n\t\t\t\t<div class=\"elementor-widget-container\">\n\t\t\t\t\t<h2 class=\"elementor-heading-title elementor-size-default\">Fragen und Themenw\u00fcnsche<\/h2>\t\t\t\t<\/div>\n\t\t\t\t<\/div>\n\t\t\t\t<div class=\"elementor-element elementor-element-73cc39e elementor-widget elementor-widget-text-editor\" data-id=\"73cc39e\" data-element_type=\"widget\" data-widget_type=\"text-editor.default\">\n\t\t\t\t<div class=\"elementor-widget-container\">\n\t\t\t\t\t\t\t\t\t<p>In Prof. Marschners Wissensecke werden in regelm\u00e4\u00dfigen Abst\u00e4nden Fragen zu schwingungstechnischen Zusammenh\u00e4ngen beantwortet.<\/p>\t\t\t\t\t\t\t\t<\/div>\n\t\t\t\t<\/div>\n\t\t\t\t<div class=\"elementor-element elementor-element-b3520d8 elementor-widget elementor-widget-text-editor\" data-id=\"b3520d8\" data-element_type=\"widget\" data-widget_type=\"text-editor.default\">\n\t\t\t\t<div class=\"elementor-widget-container\">\n\t\t\t\t\t\t\t\t\t<p>Haben Sie eine Frage oder einem Themenwunsch in dem Bereich der Akustik oder Schwingungstechnik, dann freuen wir uns auf Ihre Nachricht:<\/p>\t\t\t\t\t\t\t\t<\/div>\n\t\t\t\t<\/div>\n\t\t\t\t<div class=\"elementor-element elementor-element-2370c43 elementor-widget elementor-widget-text-editor\" data-id=\"2370c43\" data-element_type=\"widget\" data-widget_type=\"text-editor.default\">\n\t\t\t\t<div class=\"elementor-widget-container\">\n\t\t\t\t\t\t\t\t\t<p>[contact-form-7 id=&#8220;11010&#8243; title=&#8220;Fragen f\u00fcr Wissensecke&#8220;]<\/p>\t\t\t\t\t\t\t\t<\/div>\n\t\t\t\t<\/div>\n\t\t\t\t\t<\/div>\n\t\t<\/div>\n\t\t\t\t\t<\/div>\n\t\t<\/section>\n\t\t\t\t<section class=\"elementor-section elementor-top-section elementor-element elementor-element-fb4fee3 elementor-hidden-desktop elementor-hidden-mobile elementor-section-boxed elementor-section-height-default elementor-section-height-default\" data-id=\"fb4fee3\" data-element_type=\"section\">\n\t\t\t\t\t\t<div class=\"elementor-container elementor-column-gap-default\">\n\t\t\t\t\t<div class=\"elementor-column elementor-col-100 elementor-top-column elementor-element elementor-element-4918df3\" data-id=\"4918df3\" data-element_type=\"column\">\n\t\t\t<div class=\"elementor-widget-wrap elementor-element-populated\">\n\t\t\t\t\t\t<div class=\"elementor-element elementor-element-a733822 elementor-widget elementor-widget-heading\" data-id=\"a733822\" data-element_type=\"widget\" data-widget_type=\"heading.default\">\n\t\t\t\t<div class=\"elementor-widget-container\">\n\t\t\t\t\t<h2 class=\"elementor-heading-title elementor-size-default\">Fragen und Themenw\u00fcnsche<\/h2>\t\t\t\t<\/div>\n\t\t\t\t<\/div>\n\t\t\t\t<div class=\"elementor-element elementor-element-9865c0e elementor-widget elementor-widget-text-editor\" data-id=\"9865c0e\" data-element_type=\"widget\" data-widget_type=\"text-editor.default\">\n\t\t\t\t<div class=\"elementor-widget-container\">\n\t\t\t\t\t\t\t\t\t<p>In Prof. Marschners Wissensecke werden in regelm\u00e4\u00dfigen Abst\u00e4nden Fragen zu schwingungstechnischen Zusammenh\u00e4ngen beantwortet.<\/p>\t\t\t\t\t\t\t\t<\/div>\n\t\t\t\t<\/div>\n\t\t\t\t<div class=\"elementor-element elementor-element-9561375 elementor-widget elementor-widget-text-editor\" data-id=\"9561375\" data-element_type=\"widget\" data-widget_type=\"text-editor.default\">\n\t\t\t\t<div class=\"elementor-widget-container\">\n\t\t\t\t\t\t\t\t\t<p>Haben Sie eine Frage oder einem Themenwunsch in dem Bereich der Akustik oder Schwingungstechnik, dann freuen wir uns auf Ihre Nachricht:<\/p>\t\t\t\t\t\t\t\t<\/div>\n\t\t\t\t<\/div>\n\t\t\t\t<div class=\"elementor-element elementor-element-679750d elementor-widget elementor-widget-text-editor\" data-id=\"679750d\" data-element_type=\"widget\" data-widget_type=\"text-editor.default\">\n\t\t\t\t<div class=\"elementor-widget-container\">\n\t\t\t\t\t\t\t\t\t<p>[contact-form-7 id=&#8220;11010&#8243; title=&#8220;Fragen f\u00fcr Wissensecke&#8220;]<\/p>\t\t\t\t\t\t\t\t<\/div>\n\t\t\t\t<\/div>\n\t\t\t\t\t<\/div>\n\t\t<\/div>\n\t\t\t\t\t<\/div>\n\t\t<\/section>\n\t\t\t\t<section class=\"elementor-section elementor-top-section elementor-element elementor-element-5527b0e elementor-hidden-desktop elementor-hidden-tablet elementor-section-boxed elementor-section-height-default elementor-section-height-default\" data-id=\"5527b0e\" data-element_type=\"section\">\n\t\t\t\t\t\t<div class=\"elementor-container elementor-column-gap-default\">\n\t\t\t\t\t<div class=\"elementor-column elementor-col-100 elementor-top-column elementor-element elementor-element-9365a9e\" data-id=\"9365a9e\" data-element_type=\"column\">\n\t\t\t<div class=\"elementor-widget-wrap elementor-element-populated\">\n\t\t\t\t\t\t<div class=\"elementor-element elementor-element-24a885c elementor-widget elementor-widget-heading\" data-id=\"24a885c\" data-element_type=\"widget\" data-widget_type=\"heading.default\">\n\t\t\t\t<div class=\"elementor-widget-container\">\n\t\t\t\t\t<h2 class=\"elementor-heading-title elementor-size-default\">Fragen und Themenw\u00fcnsche<\/h2>\t\t\t\t<\/div>\n\t\t\t\t<\/div>\n\t\t\t\t<div class=\"elementor-element elementor-element-28b0673 elementor-widget elementor-widget-text-editor\" data-id=\"28b0673\" data-element_type=\"widget\" data-widget_type=\"text-editor.default\">\n\t\t\t\t<div class=\"elementor-widget-container\">\n\t\t\t\t\t\t\t\t\t<p>In Prof. Marschners Wissensecke werden in regelm\u00e4\u00dfigen Abst\u00e4nden Fragen zu schwingungstechnischen Zusammenh\u00e4ngen beantwortet.<\/p>\t\t\t\t\t\t\t\t<\/div>\n\t\t\t\t<\/div>\n\t\t\t\t<div class=\"elementor-element elementor-element-30d6787 elementor-widget elementor-widget-text-editor\" data-id=\"30d6787\" data-element_type=\"widget\" data-widget_type=\"text-editor.default\">\n\t\t\t\t<div class=\"elementor-widget-container\">\n\t\t\t\t\t\t\t\t\t<p>Haben Sie eine Frage oder einem Themenwunsch in dem Bereich der Akustik oder Schwingungstechnik, dann freuen wir uns auf Ihre Nachricht:<\/p>\t\t\t\t\t\t\t\t<\/div>\n\t\t\t\t<\/div>\n\t\t\t\t<div class=\"elementor-element elementor-element-14608e1 elementor-widget elementor-widget-text-editor\" data-id=\"14608e1\" data-element_type=\"widget\" data-widget_type=\"text-editor.default\">\n\t\t\t\t<div class=\"elementor-widget-container\">\n\t\t\t\t\t\t\t\t\t<p>[contact-form-7 id=&#8220;11010&#8243; title=&#8220;Fragen f\u00fcr Wissensecke&#8220;]<\/p>\t\t\t\t\t\t\t\t<\/div>\n\t\t\t\t<\/div>\n\t\t\t\t\t<\/div>\n\t\t<\/div>\n\t\t\t\t\t<\/div>\n\t\t<\/section>\n\t\t\t\t<\/div>","protected":false},"excerpt":{"rendered":"<p>Fragen und Themenw\u00fcnsche In Prof. Marschners Wissensecke werden in regelm\u00e4\u00dfigen Abst\u00e4nden Fragen zu schwingungstechnischen Zusammenh\u00e4ngen beantwortet. Haben Sie eine Frage oder einem Themenwunsch in dem Bereich der Akustik oder Schwingungstechnik, dann freuen wir uns auf Ihre Nachricht: [contact-form-7 id=&#8220;11010&#8243; title=&#8220;Fragen f\u00fcr Wissensecke&#8220;] Fragen und Themenw\u00fcnsche In Prof. Marschners Wissensecke werden in regelm\u00e4\u00dfigen Abst\u00e4nden Fragen zu [&hellip;]<\/p>","protected":false},"author":1,"featured_media":0,"parent":0,"menu_order":0,"comment_status":"closed","ping_status":"closed","template":"","meta":{"footnotes":""},"class_list":["post-11011","page","type-page","status-publish","hentry"],"blocksy_meta":[],"_links":{"self":[{"href":"https:\/\/holo-metrix.com\/en\/wp-json\/wp\/v2\/pages\/11011","targetHints":{"allow":["GET"]}}],"collection":[{"href":"https:\/\/holo-metrix.com\/en\/wp-json\/wp\/v2\/pages"}],"about":[{"href":"https:\/\/holo-metrix.com\/en\/wp-json\/wp\/v2\/types\/page"}],"author":[{"embeddable":true,"href":"https:\/\/holo-metrix.com\/en\/wp-json\/wp\/v2\/users\/1"}],"replies":[{"embeddable":true,"href":"https:\/\/holo-metrix.com\/en\/wp-json\/wp\/v2\/comments?post=11011"}],"version-history":[{"count":42,"href":"https:\/\/holo-metrix.com\/en\/wp-json\/wp\/v2\/pages\/11011\/revisions"}],"predecessor-version":[{"id":11062,"href":"https:\/\/holo-metrix.com\/en\/wp-json\/wp\/v2\/pages\/11011\/revisions\/11062"}],"wp:attachment":[{"href":"https:\/\/holo-metrix.com\/en\/wp-json\/wp\/v2\/media?parent=11011"}],"curies":[{"name":"wp","href":"https:\/\/api.w.org\/{rel}","templated":true}]}}