{"id":1028,"date":"2020-06-04T09:39:10","date_gmt":"2020-06-04T09:39:10","guid":{"rendered":"https:\/\/holo-metrix.com\/?page_id=1028"},"modified":"2025-04-14T06:31:18","modified_gmt":"2025-04-14T06:31:18","slug":"schallfeldkartierung","status":"publish","type":"page","link":"https:\/\/holo-metrix.com\/en\/schallfeldkartierung\/","title":{"rendered":"Schallfeldkartierung &#8211; Deutsch"},"content":{"rendered":"<div data-elementor-type=\"wp-page\" data-elementor-id=\"1028\" class=\"elementor elementor-1028\" data-elementor-post-type=\"page\">\n\t\t\t\t<div class=\"elementor-element elementor-element-698f65c9 e-flex e-con-boxed e-con e-parent\" data-id=\"698f65c9\" data-element_type=\"container\" data-settings=\"{&quot;background_background&quot;:&quot;classic&quot;}\">\n\t\t\t\t\t<div class=\"e-con-inner\">\n\t\t\t\t<div class=\"elementor-element elementor-element-2b69dafe elementor-widget elementor-widget-heading\" data-id=\"2b69dafe\" data-element_type=\"widget\" data-widget_type=\"heading.default\">\n\t\t\t\t<div class=\"elementor-widget-container\">\n\t\t\t\t\t<h1 class=\"elementor-heading-title elementor-size-default\">Sound field mapping<\/h1>\t\t\t\t<\/div>\n\t\t\t\t<\/div>\n\t\t\t\t\t<\/div>\n\t\t\t\t<\/div>\n\t\t<div class=\"elementor-element elementor-element-343e950c elementor-hidden-tablet elementor-hidden-mobile e-flex e-con-boxed e-con e-parent\" data-id=\"343e950c\" data-element_type=\"container\" data-settings=\"{&quot;background_background&quot;:&quot;classic&quot;}\">\n\t\t\t\t\t<div class=\"e-con-inner\">\n\t\t<div class=\"elementor-element elementor-element-28c35cc2 e-flex e-con-boxed e-con e-child\" data-id=\"28c35cc2\" data-element_type=\"container\">\n\t\t\t\t\t<div class=\"e-con-inner\">\n\t\t\t\t<div class=\"elementor-element elementor-element-fa3fd10 elementor-toc--minimized-on-tablet elementor-widget elementor-widget-table-of-contents\" data-id=\"fa3fd10\" data-element_type=\"widget\" data-settings=\"{&quot;exclude_headings_by_selector&quot;:[],&quot;min_height&quot;:{&quot;unit&quot;:&quot;px&quot;,&quot;size&quot;:0,&quot;sizes&quot;:[]},&quot;no_headings_message&quot;:&quot;No headings were found on this page.&quot;,&quot;headings_by_tags&quot;:[&quot;h2&quot;,&quot;h3&quot;,&quot;h4&quot;,&quot;h5&quot;,&quot;h6&quot;],&quot;marker_view&quot;:&quot;numbers&quot;,&quot;minimize_box&quot;:&quot;yes&quot;,&quot;minimized_on&quot;:&quot;tablet&quot;,&quot;hierarchical_view&quot;:&quot;yes&quot;,&quot;min_height_tablet_extra&quot;:{&quot;unit&quot;:&quot;px&quot;,&quot;size&quot;:&quot;&quot;,&quot;sizes&quot;:[]},&quot;min_height_tablet&quot;:{&quot;unit&quot;:&quot;px&quot;,&quot;size&quot;:&quot;&quot;,&quot;sizes&quot;:[]},&quot;min_height_mobile&quot;:{&quot;unit&quot;:&quot;px&quot;,&quot;size&quot;:&quot;&quot;,&quot;sizes&quot;:[]}}\" data-widget_type=\"table-of-contents.default\">\n\t\t\t\t<div class=\"elementor-widget-container\">\n\t\t\t\t\t\t\t\t\t<div class=\"elementor-toc__header\">\n\t\t\t\t\t\t\t\t\t\t<div class=\"elementor-toc__toggle-button elementor-toc__toggle-button--expand\" role=\"button\" tabindex=\"0\" aria-controls=\"elementor-toc__fa3fd10\" aria-expanded=\"true\" aria-label=\"Inhaltsverzeichnis \u00f6ffnen\"><svg aria-hidden=\"true\" class=\"e-font-icon-svg e-fas-chevron-down\" viewbox=\"0 0 448 512\" xmlns=\"http:\/\/www.w3.org\/2000\/svg\"><path d=\"M207.029 381.476L12.686 187.132c-9.373-9.373-9.373-24.569 0-33.941l22.667-22.667c9.357-9.357 24.522-9.375 33.901-.04L224 284.505l154.745-154.021c9.379-9.335 24.544-9.317 33.901.04l22.667 22.667c9.373 9.373 9.373 24.569 0 33.941L240.971 381.476c-9.373 9.372-24.569 9.372-33.942 0z\"><\/path><\/svg><\/div>\n\t\t\t\t<div class=\"elementor-toc__toggle-button elementor-toc__toggle-button--collapse\" role=\"button\" tabindex=\"0\" aria-controls=\"elementor-toc__fa3fd10\" aria-expanded=\"true\" aria-label=\"Inhaltsverzeichnis schlie\u00dfen\"><svg aria-hidden=\"true\" class=\"e-font-icon-svg e-fas-chevron-up\" viewbox=\"0 0 448 512\" xmlns=\"http:\/\/www.w3.org\/2000\/svg\"><path d=\"M240.971 130.524l194.343 194.343c9.373 9.373 9.373 24.569 0 33.941l-22.667 22.667c-9.357 9.357-24.522 9.375-33.901.04L224 227.495 69.255 381.516c-9.379 9.335-24.544 9.317-33.901-.04l-22.667-22.667c-9.373-9.373-9.373-24.569 0-33.941L207.03 130.525c9.372-9.373 24.568-9.373 33.941-.001z\"><\/path><\/svg><\/div>\n\t\t\t\t\t<\/div>\n\t\t\t\t<div id=\"elementor-toc__fa3fd10\" class=\"elementor-toc__body\">\n\t\t\t<div class=\"elementor-toc__spinner-container\">\n\t\t\t\t<svg class=\"elementor-toc__spinner eicon-animation-spin e-font-icon-svg e-eicon-loading\" aria-hidden=\"true\" viewbox=\"0 0 1000 1000\" xmlns=\"http:\/\/www.w3.org\/2000\/svg\"><path d=\"M500 975V858C696 858 858 696 858 500S696 142 500 142 142 304 142 500H25C25 237 238 25 500 25S975 237 975 500 763 975 500 975Z\"><\/path><\/svg>\t\t\t<\/div>\n\t\t<\/div>\n\t\t\t\t\t\t<\/div>\n\t\t\t\t<\/div>\n\t\t\t\t\t<\/div>\n\t\t\t\t<\/div>\n\t\t\t\t\t<\/div>\n\t\t\t\t<\/div>\n\t\t<div class=\"elementor-element elementor-element-673d847f e-flex e-con-boxed e-con e-parent\" data-id=\"673d847f\" data-element_type=\"container\" data-settings=\"{&quot;background_background&quot;:&quot;classic&quot;}\">\n\t\t\t\t\t<div class=\"e-con-inner\">\n\t\t\t\t<div class=\"elementor-element elementor-element-542b1b88 elementor-hidden-mobile elementor-widget elementor-widget-heading\" data-id=\"542b1b88\" data-element_type=\"widget\" data-widget_type=\"heading.default\">\n\t\t\t\t<div class=\"elementor-widget-container\">\n\t\t\t\t\t<h2 class=\"elementor-heading-title elementor-size-default\">Overview and introduction<\/h2>\t\t\t\t<\/div>\n\t\t\t\t<\/div>\n\t\t\t\t<div class=\"elementor-element elementor-element-f66082e elementor-widget elementor-widget-text-editor\" data-id=\"f66082e\" data-element_type=\"widget\" data-widget_type=\"text-editor.default\">\n\t\t\t\t<div class=\"elementor-widget-container\">\n\t\t\t\t\t\t\t\t\t<p>In sound field mapping, the measured sound levels are visualized as a colour gradient over a photo of the measurement object, making it easy to see where the measurement object emits the most sound. In practice, three methods have proven effective for creating sound field maps. Sound field mapping using sound intensity measurements is carried out when there is a stationary acoustic problem. The sound intensities are measured one after the other at a large number of spatially precisely defined positions. In practice, positioning the SI probe is often very time-consuming. For this reason, we have developed software that automatically calculates these positions and displays them spatially using augmented reality glasses. Another method is acoustic near-field holography. This is mainly used when many sound sources are close together. However, it may also be the case that the sound has to be determined at a great distance from the sound source. Far-field methods using beamforming, which make use of acoustic cameras, are used for this purpose.<\/p>\t\t\t\t\t\t\t\t<\/div>\n\t\t\t\t<\/div>\n\t\t\t\t\t<\/div>\n\t\t\t\t<\/div>\n\t\t<div class=\"elementor-element elementor-element-3e46215e e-flex e-con-boxed e-con e-parent\" data-id=\"3e46215e\" data-element_type=\"container\" data-settings=\"{&quot;background_background&quot;:&quot;classic&quot;}\">\n\t\t\t\t\t<div class=\"e-con-inner\">\n\t\t\t\t<div class=\"elementor-element elementor-element-a235f0c elementor-widget elementor-widget-heading\" data-id=\"a235f0c\" data-element_type=\"widget\" data-widget_type=\"heading.default\">\n\t\t\t\t<div class=\"elementor-widget-container\">\n\t\t\t\t\t<h2 class=\"elementor-heading-title elementor-size-default\">Sound localization<\/h2>\t\t\t\t<\/div>\n\t\t\t\t<\/div>\n\t\t\t\t<div class=\"elementor-element elementor-element-22acfe14 elementor-widget elementor-widget-text-editor\" data-id=\"22acfe14\" data-element_type=\"widget\" data-widget_type=\"text-editor.default\">\n\t\t\t\t<div class=\"elementor-widget-container\">\n\t\t\t\t\t\t\t\t\t<p>Sound field mapping is a very efficient measurement method for quickly detecting acoustic problem areas. A sound field map usually displays the measured sound levels as a color gradient over a photo of the measured structure. This superimposed representation allows the acoustic weak points to be quickly identified. In the broadest sense, this representation is comparable to the contour lines on maps.<\/p><p>To create such maps, acoustic measurements must be carried out at a large number of precisely defined spatial positions. Interpolation between the measurement points is then carried out using various mathematical methods. The following figure shows an example of a sound field map above a PC workstation with 2 loudspeakers (only above the right-hand side for better clarity). This map quickly shows that most of the noise comes from the loudspeaker.<\/p><p>There are two main problems with conventional sound field mapping. Firstly, measuring the spatially precisely defined measurement positions is very time-consuming and secondly, only a two-dimensional representation of the sound field map over a photo of the measurement object is possible. For this reason, we have developed software that automatically calculates the measurement positions and displays them using augmented reality glasses. Once the measurement results have been entered, the sound field map is also automatically calculated and virtually superimposed over the measurement object. Thanks to the three-dimensional representation, the operator can now walk around the measurement object and see exactly where problem areas occur. The following graphic shows the differences between a conventional two-dimensional representation and a three-dimensional representation using augmented reality.\u00a0<\/p>\t\t\t\t\t\t\t\t<\/div>\n\t\t\t\t<\/div>\n\t\t\t\t<div class=\"elementor-element elementor-element-5c109e4f gallery-spacing-custom elementor-widget elementor-widget-image-gallery\" data-id=\"5c109e4f\" data-element_type=\"widget\" data-widget_type=\"image-gallery.default\">\n\t\t\t\t<div class=\"elementor-widget-container\">\n\t\t\t\t\t\t\t<div class=\"elementor-image-gallery\">\n\t\t\t<div id='gallery-1' class='gallery galleryid-1028 gallery-columns-2 gallery-size-medium'><figure class='gallery-item'>\n\t\t\t<div class='gallery-icon landscape'>\n\t\t\t\t<a data-elementor-open-lightbox=\"yes\" data-elementor-lightbox-slideshow=\"5c109e4f\" data-elementor-lightbox-title=\"Schallfeldkartierung_Grafik.jpg\" data-e-action-hash=\"#elementor-action%3Aaction%3Dlightbox%26settings%3DeyJpZCI6MTE5NDMsInVybCI6Imh0dHBzOlwvXC9ob2xvLW1ldHJpeC5jb21cL3dwLWNvbnRlbnRcL3VwbG9hZHNcLzIwMjRcLzA2XC9TY2hhbGxmZWxka2FydGllcnVuZ19HcmFmaWsuanBnIiwic2xpZGVzaG93IjoiNWMxMDllNGYifQ%3D%3D\" href='https:\/\/holo-metrix.com\/wp-content\/uploads\/2024\/06\/Schallfeldkartierung_Grafik.jpg'><img fetchpriority=\"high\" decoding=\"async\" width=\"300\" height=\"167\" src=\"https:\/\/holo-metrix.com\/wp-content\/uploads\/2024\/06\/Schallfeldkartierung_Grafik-300x167.jpg\" class=\"attachment-medium size-medium\" alt=\"\" srcset=\"https:\/\/holo-metrix.com\/wp-content\/uploads\/2024\/06\/Schallfeldkartierung_Grafik-300x167.jpg 300w, https:\/\/holo-metrix.com\/wp-content\/uploads\/2024\/06\/Schallfeldkartierung_Grafik-768x426.jpg 768w, https:\/\/holo-metrix.com\/wp-content\/uploads\/2024\/06\/Schallfeldkartierung_Grafik.jpg 800w\" sizes=\"(max-width: 300px) 100vw, 300px\" \/><\/a>\n\t\t\t<\/div><\/figure><figure class='gallery-item'>\n\t\t\t<div class='gallery-icon landscape'>\n\t\t\t\t<a data-elementor-open-lightbox=\"yes\" data-elementor-lightbox-slideshow=\"5c109e4f\" data-elementor-lightbox-title=\"Schallfeldkarte-3.jpg\" data-e-action-hash=\"#elementor-action%3Aaction%3Dlightbox%26settings%3DeyJpZCI6MTE5NDQsInVybCI6Imh0dHBzOlwvXC9ob2xvLW1ldHJpeC5jb21cL3dwLWNvbnRlbnRcL3VwbG9hZHNcLzIwMjRcLzA2XC9TY2hhbGxmZWxka2FydGUtMy5qcGciLCJzbGlkZXNob3ciOiI1YzEwOWU0ZiJ9\" href='https:\/\/holo-metrix.com\/wp-content\/uploads\/2024\/06\/Schallfeldkarte-3.jpg'><img decoding=\"async\" width=\"300\" height=\"167\" src=\"https:\/\/holo-metrix.com\/wp-content\/uploads\/2024\/06\/Schallfeldkarte-3-300x167.jpg\" class=\"attachment-medium size-medium\" alt=\"\" srcset=\"https:\/\/holo-metrix.com\/wp-content\/uploads\/2024\/06\/Schallfeldkarte-3-300x167.jpg 300w, https:\/\/holo-metrix.com\/wp-content\/uploads\/2024\/06\/Schallfeldkarte-3-768x426.jpg 768w, https:\/\/holo-metrix.com\/wp-content\/uploads\/2024\/06\/Schallfeldkarte-3.jpg 800w\" sizes=\"(max-width: 300px) 100vw, 300px\" \/><\/a>\n\t\t\t<\/div><\/figure>\n\t\t<\/div>\n\t\t<\/div>\n\t\t\t\t\t\t<\/div>\n\t\t\t\t<\/div>\n\t\t\t\t<div class=\"elementor-element elementor-element-0face39 elementor-widget elementor-widget-heading\" data-id=\"0face39\" data-element_type=\"widget\" data-widget_type=\"heading.default\">\n\t\t\t\t<div class=\"elementor-widget-container\">\n\t\t\t\t\t<h1 class=\"elementor-heading-title elementor-size-default\">Different methods for sound field mapping<\/h1>\t\t\t\t<\/div>\n\t\t\t\t<\/div>\n\t\t\t\t<div class=\"elementor-element elementor-element-e75c944 elementor-widget elementor-widget-heading\" data-id=\"e75c944\" data-element_type=\"widget\" data-widget_type=\"heading.default\">\n\t\t\t\t<div class=\"elementor-widget-container\">\n\t\t\t\t\t<h2 class=\"elementor-heading-title elementor-size-default\">sound intensity measurement<\/h2>\t\t\t\t<\/div>\n\t\t\t\t<\/div>\n\t\t\t\t<div class=\"elementor-element elementor-element-5f26ab02 elementor-widget elementor-widget-text-editor\" data-id=\"5f26ab02\" data-element_type=\"widget\" data-widget_type=\"text-editor.default\">\n\t\t\t\t<div class=\"elementor-widget-container\">\n\t\t\t\t\t\t\t\t\t<p>If there is a stationary acoustic problem, the application of sound field mapping using a sound intensity probe is suitable. The sound intensities are measured one after the other at the defined positions. Appropriate software then overlays the measurement results graphically on an image, allowing the radiated sound power on this partial area to be determined. It is also possible to precisely quantify changes to the structure with a new measurement. Various measures can then be derived and evaluated from the results.<\/p><p>This method for sound field mapping places relatively low demands on the measurement technology, as it only requires two channels and an SI probe. On the other hand, however, the effort required to carry it out is somewhat higher.<\/p><p>Our patented augmented reality solution provides the exact measurement positions virtually through AR glasses. This shortens the time required to carry out such sound field mapping by up to 80 %.<\/p><p>Please do not hesitate to send us a message if you are interested in this procedure. We will be happy to help you.<\/p>\t\t\t\t\t\t\t\t<\/div>\n\t\t\t\t<\/div>\n\t\t\t\t<div class=\"elementor-element elementor-element-6e83b30 elementor-widget elementor-widget-heading\" data-id=\"6e83b30\" data-element_type=\"widget\" data-widget_type=\"heading.default\">\n\t\t\t\t<div class=\"elementor-widget-container\">\n\t\t\t\t\t<h2 class=\"elementor-heading-title elementor-size-default\">Acoustic near field holography<\/h2>\t\t\t\t<\/div>\n\t\t\t\t<\/div>\n\t\t\t\t<div class=\"elementor-element elementor-element-1168331 elementor-widget elementor-widget-text-editor\" data-id=\"1168331\" data-element_type=\"widget\" data-widget_type=\"text-editor.default\">\n\t\t\t\t<div class=\"elementor-widget-container\">\n\t\t\t\t\t\t\t\t\t<p>With some measurement objects, there may be a large number of potential sound sources in a very confined space (e.g. an internal combustion engine). To ensure reliable localization of these sound sources, a very high spatial resolution is required. In practice, a sound pressure microphone array is used for this purpose. These mostly hand-held arrays are moved several times at a distance of 10-15 cm above the surface of the measurement object. The small distance is necessary so that they operate in the acoustic near field of the object.<\/p><p>The significant advantage of this method is that even closely spaced sound sources can be reliably separated and classified. However, the requirements for the measuring equipment are considerably higher (= higher costs) than for sound field mapping using sound intensity measurement.\u00a0<\/p>\t\t\t\t\t\t\t\t<\/div>\n\t\t\t\t<\/div>\n\t\t\t\t<div class=\"elementor-element elementor-element-c264ef7 elementor-widget elementor-widget-heading\" data-id=\"c264ef7\" data-element_type=\"widget\" data-widget_type=\"heading.default\">\n\t\t\t\t<div class=\"elementor-widget-container\">\n\t\t\t\t\t<h2 class=\"elementor-heading-title elementor-size-default\">Far field method using beamforming<\/h2>\t\t\t\t<\/div>\n\t\t\t\t<\/div>\n\t\t\t\t<div class=\"elementor-element elementor-element-e6897af elementor-widget elementor-widget-text-editor\" data-id=\"e6897af\" data-element_type=\"widget\" data-widget_type=\"text-editor.default\">\n\t\t\t\t<div class=\"elementor-widget-container\">\n\t\t\t\t\t\t\t\t\t<p>The far-field methods also work with a microphone array. However, the sound sources are determined using the effect of the time difference at a great distance from the sound source. This is done using beamforming calculations (method for determining the position of sources in wave fields).<\/p><p>In practice, the far-field method is carried out using so-called acoustic cameras. Such systems are very suitable for quickly detecting acoustic weak points. However, additional measuring equipment is also required here. Furthermore, it is difficult to quantify improvement measures with a new comparative measurement.<\/p><p>If you are undecided as to which of these methods you should choose in your specific case, we will be happy to advise you. We can also take over the sound field mapping of your measurement object for you.<\/p>\t\t\t\t\t\t\t\t<\/div>\n\t\t\t\t<\/div>\n\t\t\t\t\t<\/div>\n\t\t\t\t<\/div>\n\t\t<div class=\"elementor-element elementor-element-65ee208a e-flex e-con-boxed e-con e-parent\" data-id=\"65ee208a\" data-element_type=\"container\" data-settings=\"{&quot;background_background&quot;:&quot;classic&quot;}\">\n\t\t\t\t\t<div class=\"e-con-inner\">\n\t\t<div class=\"elementor-element elementor-element-52b405bc e-flex e-con-boxed e-con e-child\" data-id=\"52b405bc\" data-element_type=\"container\">\n\t\t\t\t\t<div class=\"e-con-inner\">\n\t\t\t\t<div class=\"elementor-element elementor-element-779f1070 elementor-widget elementor-widget-heading\" data-id=\"779f1070\" data-element_type=\"widget\" data-widget_type=\"heading.default\">\n\t\t\t\t<div class=\"elementor-widget-container\">\n\t\t\t\t\t<h2 class=\"elementor-heading-title elementor-size-default\">Our services<\/h2>\t\t\t\t<\/div>\n\t\t\t\t<\/div>\n\t\t\t\t<div class=\"elementor-element elementor-element-12874e8d elementor-widget elementor-widget-text-editor\" data-id=\"12874e8d\" data-element_type=\"widget\" data-widget_type=\"text-editor.default\">\n\t\t\t\t<div class=\"elementor-widget-container\">\n\t\t\t\t\t\t\t\t\t<ul><li>Sound field mapping using a sound intensity probe<\/li><li>Sound field mapping by means of sound pressure measurement<\/li><li>Localization of unwanted sound sources<\/li><li>Assessment of acoustic measures on a specific structure<\/li><li>Easy interpretation of results<\/li><\/ul>\t\t\t\t\t\t\t\t<\/div>\n\t\t\t\t<\/div>\n\t\t\t\t<div class=\"elementor-element elementor-element-77fadb37 elementor-tablet-align-center elementor-mobile-align-center elementor-align-center elementor-widget__width-inherit elementor-widget elementor-widget-button\" data-id=\"77fadb37\" data-element_type=\"widget\" data-settings=\"{&quot;_animation&quot;:&quot;none&quot;}\" data-widget_type=\"button.default\">\n\t\t\t\t<div class=\"elementor-widget-container\">\n\t\t\t\t\t\t\t\t\t<div class=\"elementor-button-wrapper\">\n\t\t\t\t\t<a class=\"elementor-button elementor-button-link elementor-size-sm elementor-animation-grow\" href=\"https:\/\/holo-metrix.com\/en\/akustikmessung\/#KontaktformularDienstleistung\">\n\t\t\t\t\t\t<span class=\"elementor-button-content-wrapper\">\n\t\t\t\t\t\t\t\t\t<span class=\"elementor-button-text\">Request a service measurement<\/span>\n\t\t\t\t\t<\/span>\n\t\t\t\t\t<\/a>\n\t\t\t\t<\/div>\n\t\t\t\t\t\t\t\t<\/div>\n\t\t\t\t<\/div>\n\t\t\t\t\t<\/div>\n\t\t\t\t<\/div>\n\t\t\t\t\t<\/div>\n\t\t\t\t<\/div>\n\t\t\t\t<\/div>","protected":false},"excerpt":{"rendered":"<p>Schallfeldkartierung Das Wichtigste in K\u00fcrze Bei der Schallfeldkartierung werden die gemessenen Schallpegel als Farbverlauf \u00fcber einem Foto des Messobjektes visualisiert, wodurch optisch schnell erkennbar ist, an welchen Stellen das Messobjekt den meisten Schall abstrahlt. In der Praxis haben sich f\u00fcr die Erstellung von Schallfeldkarten drei Verfahren bew\u00e4hrt. Die Schallfeldkartierung mittels Schallintensit\u00e4tsmessung wird durchgef\u00fchrt, wenn ein [&hellip;]<\/p>","protected":false},"author":1,"featured_media":0,"parent":0,"menu_order":0,"comment_status":"closed","ping_status":"closed","template":"","meta":{"footnotes":""},"class_list":["post-1028","page","type-page","status-publish","hentry"],"blocksy_meta":[],"_links":{"self":[{"href":"https:\/\/holo-metrix.com\/en\/wp-json\/wp\/v2\/pages\/1028","targetHints":{"allow":["GET"]}}],"collection":[{"href":"https:\/\/holo-metrix.com\/en\/wp-json\/wp\/v2\/pages"}],"about":[{"href":"https:\/\/holo-metrix.com\/en\/wp-json\/wp\/v2\/types\/page"}],"author":[{"embeddable":true,"href":"https:\/\/holo-metrix.com\/en\/wp-json\/wp\/v2\/users\/1"}],"replies":[{"embeddable":true,"href":"https:\/\/holo-metrix.com\/en\/wp-json\/wp\/v2\/comments?post=1028"}],"version-history":[{"count":143,"href":"https:\/\/holo-metrix.com\/en\/wp-json\/wp\/v2\/pages\/1028\/revisions"}],"predecessor-version":[{"id":12623,"href":"https:\/\/holo-metrix.com\/en\/wp-json\/wp\/v2\/pages\/1028\/revisions\/12623"}],"wp:attachment":[{"href":"https:\/\/holo-metrix.com\/en\/wp-json\/wp\/v2\/media?parent=1028"}],"curies":[{"name":"wp","href":"https:\/\/api.w.org\/{rel}","templated":true}]}}