{"id":1022,"date":"2020-06-04T09:36:59","date_gmt":"2020-06-04T09:36:59","guid":{"rendered":"https:\/\/holo-metrix.com\/?page_id=1022"},"modified":"2025-04-11T06:32:49","modified_gmt":"2025-04-11T06:32:49","slug":"maschinenakustik","status":"publish","type":"page","link":"https:\/\/holo-metrix.com\/en\/maschinenakustik\/","title":{"rendered":"Maschinenakustik &#8211; Deutsch"},"content":{"rendered":"<div data-elementor-type=\"wp-page\" data-elementor-id=\"1022\" class=\"elementor elementor-1022\" data-elementor-post-type=\"page\">\n\t\t\t\t<div class=\"elementor-element elementor-element-3cb19541 e-flex e-con-boxed e-con e-parent\" data-id=\"3cb19541\" data-element_type=\"container\" data-settings=\"{&quot;background_background&quot;:&quot;classic&quot;}\">\n\t\t\t\t\t<div class=\"e-con-inner\">\n\t\t\t\t<div class=\"elementor-element elementor-element-72ecf6a1 elementor-widget elementor-widget-heading\" data-id=\"72ecf6a1\" data-element_type=\"widget\" data-widget_type=\"heading.default\">\n\t\t\t\t<div class=\"elementor-widget-container\">\n\t\t\t\t\t<h1 class=\"elementor-heading-title elementor-size-default\">Machine acoustics<\/h1>\t\t\t\t<\/div>\n\t\t\t\t<\/div>\n\t\t\t\t\t<\/div>\n\t\t\t\t<\/div>\n\t\t<div class=\"elementor-element elementor-element-6a62c289 elementor-hidden-tablet elementor-hidden-mobile e-flex e-con-boxed e-con e-parent\" data-id=\"6a62c289\" data-element_type=\"container\" data-settings=\"{&quot;background_background&quot;:&quot;classic&quot;}\">\n\t\t\t\t\t<div class=\"e-con-inner\">\n\t\t<div class=\"elementor-element elementor-element-400d4522 e-flex e-con-boxed e-con e-child\" data-id=\"400d4522\" data-element_type=\"container\">\n\t\t\t\t\t<div class=\"e-con-inner\">\n\t\t\t\t<div class=\"elementor-element elementor-element-601d745b elementor-toc--minimized-on-tablet elementor-widget elementor-widget-table-of-contents\" data-id=\"601d745b\" data-element_type=\"widget\" data-settings=\"{&quot;exclude_headings_by_selector&quot;:[],&quot;min_height&quot;:{&quot;unit&quot;:&quot;px&quot;,&quot;size&quot;:0,&quot;sizes&quot;:[]},&quot;no_headings_message&quot;:&quot;No headings were found on this page.&quot;,&quot;headings_by_tags&quot;:[&quot;h2&quot;,&quot;h3&quot;,&quot;h4&quot;,&quot;h5&quot;,&quot;h6&quot;],&quot;marker_view&quot;:&quot;numbers&quot;,&quot;minimize_box&quot;:&quot;yes&quot;,&quot;minimized_on&quot;:&quot;tablet&quot;,&quot;hierarchical_view&quot;:&quot;yes&quot;,&quot;min_height_tablet_extra&quot;:{&quot;unit&quot;:&quot;px&quot;,&quot;size&quot;:&quot;&quot;,&quot;sizes&quot;:[]},&quot;min_height_tablet&quot;:{&quot;unit&quot;:&quot;px&quot;,&quot;size&quot;:&quot;&quot;,&quot;sizes&quot;:[]},&quot;min_height_mobile&quot;:{&quot;unit&quot;:&quot;px&quot;,&quot;size&quot;:&quot;&quot;,&quot;sizes&quot;:[]}}\" data-widget_type=\"table-of-contents.default\">\n\t\t\t\t<div class=\"elementor-widget-container\">\n\t\t\t\t\t\t\t\t\t<div class=\"elementor-toc__header\">\n\t\t\t\t\t\t\t\t\t\t<div class=\"elementor-toc__toggle-button elementor-toc__toggle-button--expand\" role=\"button\" tabindex=\"0\" aria-controls=\"elementor-toc__601d745b\" aria-expanded=\"true\" aria-label=\"Open table of contents\" data-no-translation-aria-label=\"\"><svg aria-hidden=\"true\" class=\"e-font-icon-svg e-fas-chevron-down\" viewbox=\"0 0 448 512\" xmlns=\"http:\/\/www.w3.org\/2000\/svg\"><path d=\"M207.029 381.476L12.686 187.132c-9.373-9.373-9.373-24.569 0-33.941l22.667-22.667c9.357-9.357 24.522-9.375 33.901-.04L224 284.505l154.745-154.021c9.379-9.335 24.544-9.317 33.901.04l22.667 22.667c9.373 9.373 9.373 24.569 0 33.941L240.971 381.476c-9.373 9.372-24.569 9.372-33.942 0z\"><\/path><\/svg><\/div>\n\t\t\t\t<div class=\"elementor-toc__toggle-button elementor-toc__toggle-button--collapse\" role=\"button\" tabindex=\"0\" aria-controls=\"elementor-toc__601d745b\" aria-expanded=\"true\" aria-label=\"Close table of contents\" data-no-translation-aria-label=\"\"><svg aria-hidden=\"true\" class=\"e-font-icon-svg e-fas-chevron-up\" viewbox=\"0 0 448 512\" xmlns=\"http:\/\/www.w3.org\/2000\/svg\"><path d=\"M240.971 130.524l194.343 194.343c9.373 9.373 9.373 24.569 0 33.941l-22.667 22.667c-9.357 9.357-24.522 9.375-33.901.04L224 227.495 69.255 381.516c-9.379 9.335-24.544 9.317-33.901-.04l-22.667-22.667c-9.373-9.373-9.373-24.569 0-33.941L207.03 130.525c9.372-9.373 24.568-9.373 33.941-.001z\"><\/path><\/svg><\/div>\n\t\t\t\t\t<\/div>\n\t\t\t\t<div id=\"elementor-toc__601d745b\" class=\"elementor-toc__body\">\n\t\t\t<div class=\"elementor-toc__spinner-container\">\n\t\t\t\t<svg class=\"elementor-toc__spinner eicon-animation-spin e-font-icon-svg e-eicon-loading\" aria-hidden=\"true\" viewbox=\"0 0 1000 1000\" xmlns=\"http:\/\/www.w3.org\/2000\/svg\"><path d=\"M500 975V858C696 858 858 696 858 500S696 142 500 142 142 304 142 500H25C25 237 238 25 500 25S975 237 975 500 763 975 500 975Z\"><\/path><\/svg>\t\t\t<\/div>\n\t\t<\/div>\n\t\t\t\t\t\t<\/div>\n\t\t\t\t<\/div>\n\t\t\t\t\t<\/div>\n\t\t\t\t<\/div>\n\t\t\t\t\t<\/div>\n\t\t\t\t<\/div>\n\t\t<div class=\"elementor-element elementor-element-5839ed46 e-flex e-con-boxed e-con e-parent\" data-id=\"5839ed46\" data-element_type=\"container\" data-settings=\"{&quot;background_background&quot;:&quot;classic&quot;}\">\n\t\t\t\t\t<div class=\"e-con-inner\">\n\t\t\t\t<div class=\"elementor-element elementor-element-42c7c80a elementor-hidden-mobile elementor-widget elementor-widget-heading\" data-id=\"42c7c80a\" data-element_type=\"widget\" data-widget_type=\"heading.default\">\n\t\t\t\t<div class=\"elementor-widget-container\">\n\t\t\t\t\t<h2 class=\"elementor-heading-title elementor-size-default\">Overview and introduction<\/h2>\t\t\t\t<\/div>\n\t\t\t\t<\/div>\n\t\t\t\t<div class=\"elementor-element elementor-element-78fcdd0e elementor-widget elementor-widget-text-editor\" data-id=\"78fcdd0e\" data-element_type=\"widget\" data-widget_type=\"text-editor.default\">\n\t\t\t\t<div class=\"elementor-widget-container\">\n\t\t\t\t\t\t\t\t\t<p>Work conversion processes convert energy from machines into dynamic forces that cause the machine structure to vibrate. These vibrations (structure-borne sound) are transmitted to the air via the machine surface and are converted into airborne sound. If this air vibration is sufficiently large, we perceive it as noise. In the case of a very high intensity, this can even be a noise that is harmful to human ears.<\/p><p>Furthermore, large vibrations can damage the machine structure in the long term. It is therefore necessary to identify the causes of unwanted noise through noise measurements and derive measures to reduce it. We are happy to support you in this.<\/p>\t\t\t\t\t\t\t\t<\/div>\n\t\t\t\t<\/div>\n\t\t\t\t<div class=\"elementor-element elementor-element-14149ba4 elementor-widget elementor-widget-heading\" data-id=\"14149ba4\" data-element_type=\"widget\" data-widget_type=\"heading.default\">\n\t\t\t\t<div class=\"elementor-widget-container\">\n\t\t\t\t\t<h2 class=\"elementor-heading-title elementor-size-default\">Origin and elimination of unwanted noise<\/h2>\t\t\t\t<\/div>\n\t\t\t\t<\/div>\n\t\t\t\t<div class=\"elementor-element elementor-element-56ce1359 elementor-widget elementor-widget-text-editor\" data-id=\"56ce1359\" data-element_type=\"widget\" data-widget_type=\"text-editor.default\">\n\t\t\t\t<div class=\"elementor-widget-container\">\n\t\t\t\t\t\t\t\t\t<p>The field of machine acoustics deals with the sound caused by machines. If this sound increases in volume, unpleasant noise is created. The focus is therefore often on reducing or modifying them. In order to gain an understanding of the possibilities for change, it is first important to understand the starting point. For this reason, the origin of one of these noises is explained in more detail in the following section.<\/p><h5><span style=\"color: #112233;\">Origin<\/span><\/h5><p>First of all, a mechanical process is required to convert the energy. This often involves converting electrical energy into dynamic forces or torques. This is the case, for example, with an electric motor in a metal-cutting machine. Multiple conversions can also occur within a machine. The electric motor drives the tool, but the interaction between the tool and the workpiece also generates forces (cutting forces). For this reason, various location-dependent dynamic forces act inside the machine structure. It can therefore be stated that the dynamic behavior inside the machine is superimposed with working forces.<\/p><h5><span style=\"color: #112233;\">Consequences<\/span><\/h5><p>The internal dynamic forces also cause the surface of the machine to vibrate. As soon as this occurs, the vibration is also transferred to the air surrounding the machine. In concrete terms, this means that the air is pressed and compressed, which in turn can lead to a dynamic air pressure fluctuation that spreads throughout the room. If this air pressure fluctuation is sufficiently large and at an audible frequency, we perceive it as a sound. The intensity and tone of the sound are in turn directly dependent on the amplitude and frequency of the air pressure fluctuation. The following illustration shows the described generation mechanism graphically.<\/p><p><img fetchpriority=\"high\" decoding=\"async\" class=\"alignnone wp-image-7566 size-full\" src=\"https:\/\/holo-metrix.com\/mystaging01\/wp-content\/uploads\/2021\/10\/Machinenakustik_Grafik-2.png\" alt=\"\" width=\"993\" height=\"71\" srcset=\"https:\/\/holo-metrix.com\/wp-content\/uploads\/2021\/10\/Machinenakustik_Grafik-2.png 993w, https:\/\/holo-metrix.com\/wp-content\/uploads\/2021\/10\/Machinenakustik_Grafik-2-300x21.png 300w, https:\/\/holo-metrix.com\/wp-content\/uploads\/2021\/10\/Machinenakustik_Grafik-2-768x55.png 768w\" sizes=\"(max-width: 993px) 100vw, 993px\" \/><\/p><h5><span style=\"color: #112233;\">Solution<\/span><\/h5><div class=\"\" data-block=\"true\" data-editor=\"7q3k7\" data-offset-key=\"cm69h-0-0\"><div class=\"public-DraftStyleDefault-block public-DraftStyleDefault-ltr\" data-offset-key=\"cm69h-0-0\"><p>Along this acoustic chain of origin, machine acoustics takes the approach of eliminating the noise as early as possible. Ideally, in such a way that the disturbing noise does not arise in the first place.<\/p><p>Nevertheless, it may be the case that no sensible or economical solution can be found for a machine that eliminates the source of a noise. In such cases, passive elements are used to reduce or absorb the resulting noise. A typical example of this is the noise barrier in road traffic.<\/p><\/div><\/div>\t\t\t\t\t\t\t\t<\/div>\n\t\t\t\t<\/div>\n\t\t\t\t<div class=\"elementor-element elementor-element-25f7b4e5 elementor-widget elementor-widget-heading\" data-id=\"25f7b4e5\" data-element_type=\"widget\" data-widget_type=\"heading.default\">\n\t\t\t\t<div class=\"elementor-widget-container\">\n\t\t\t\t\t<h4 class=\"elementor-heading-title elementor-size-default\">In which production stages are machine acoustic analyses used?<\/h4>\t\t\t\t<\/div>\n\t\t\t\t<\/div>\n\t\t\t\t<div class=\"elementor-element elementor-element-75065d23 elementor-widget elementor-widget-text-editor\" data-id=\"75065d23\" data-element_type=\"widget\" data-widget_type=\"text-editor.default\">\n\t\t\t\t<div class=\"elementor-widget-container\">\n\t\t\t\t\t\t\t\t\t<p>Machine acoustic analyses are used in various phases of the product life cycle of machines. HoloMetrix GmbH offers you its experience and services for noise reduction in every phase. The following list presents a few typical use cases in the most important phases where we are happy to support you:<\/p><h5><span style=\"color: #112233;\">Software Development<\/span><\/h5><p>At this stage, it may be of interest to record the actual acoustic condition. Acoustic measurements are used for this purpose. Typical questions that are asked in this context are Is the target being achieved? Are further acoustic measures necessary? Such measurements can be supplemented by benchmarking (comparative measurements). Furthermore, identification measurements also play a decisive role in detecting acoustic problem zones.<\/p><h5><span style=\"color: #112233;\">Production<\/span><\/h5><p>At the production stage, acoustic measurements are often used for quality assurance. This requires a precisely defined measurement procedure so that the results remain comparable and \u201ccontrollable\u201d at a later stage. By means of an update measurement, the acoustic results obtained can be incorporated into the development process, especially in the calculation departments. This serves to make future predictions even more accurate.<\/p><h5><span style=\"color: #112233;\">Application phase<\/span><\/h5><p>Particularly in the case of larger stationary systems, which may also represent a larger investment, the acoustic properties should not change significantly over the operating time. Supplementary measurements and their comparison with previous measurement results are therefore also useful at this point. Furthermore, acoustic measurements and their subsequent FFT analysis allow potential weak points to be identified and rectified at an early stage.<\/p><p>The field of machine acoustics is very comprehensive and versatile. We are happy to offer you specific advice for your project.<\/p>\t\t\t\t\t\t\t\t<\/div>\n\t\t\t\t<\/div>\n\t\t\t\t\t<\/div>\n\t\t\t\t<\/div>\n\t\t<div class=\"elementor-element elementor-element-32cb1559 e-flex e-con-boxed e-con e-parent\" data-id=\"32cb1559\" data-element_type=\"container\" data-settings=\"{&quot;background_background&quot;:&quot;classic&quot;}\">\n\t\t\t\t\t<div class=\"e-con-inner\">\n\t\t<div class=\"elementor-element elementor-element-710c916d e-flex e-con-boxed e-con e-child\" data-id=\"710c916d\" data-element_type=\"container\">\n\t\t\t\t\t<div class=\"e-con-inner\">\n\t\t\t\t<div class=\"elementor-element elementor-element-5300793f elementor-widget elementor-widget-heading\" data-id=\"5300793f\" data-element_type=\"widget\" data-widget_type=\"heading.default\">\n\t\t\t\t<div class=\"elementor-widget-container\">\n\t\t\t\t\t<h2 class=\"elementor-heading-title elementor-size-default\">Our services<\/h2>\t\t\t\t<\/div>\n\t\t\t\t<\/div>\n\t\t\t\t<div class=\"elementor-element elementor-element-43d8ff16 elementor-widget elementor-widget-text-editor\" data-id=\"43d8ff16\" data-element_type=\"widget\" data-widget_type=\"text-editor.default\">\n\t\t\t\t<div class=\"elementor-widget-container\">\n\t\t\t\t\t\t\t\t\t<ul><li>Determination of the current acoustic status of your machine acoustic system<br \/>through the metrological determination of relevant emissions<br \/>(e.g. sound power)\u00a0<\/li><li>Comparative measurement (benchmarking) for the acoustic optimization of products in the development stage\u00a0<\/li><li>Identifiying of the causes of unwanted noise by localizing the dominant sound sources<\/li><li>Derivation of technical and economically viable measures for noise reduction<\/li><li>Determination of transmission paths<\/li><li>Frequency and third-octave band analyses<\/li><\/ul>\t\t\t\t\t\t\t\t<\/div>\n\t\t\t\t<\/div>\n\t\t\t\t<div class=\"elementor-element elementor-element-80c6103 elementor-tablet-align-center elementor-mobile-align-center elementor-align-center elementor-widget__width-inherit elementor-widget elementor-widget-button\" data-id=\"80c6103\" data-element_type=\"widget\" data-settings=\"{&quot;_animation&quot;:&quot;none&quot;}\" data-widget_type=\"button.default\">\n\t\t\t\t<div class=\"elementor-widget-container\">\n\t\t\t\t\t\t\t\t\t<div class=\"elementor-button-wrapper\">\n\t\t\t\t\t<a class=\"elementor-button elementor-button-link elementor-size-sm elementor-animation-grow\" href=\"https:\/\/holo-metrix.com\/en\/akustikmessung\/#KontaktformularDienstleistung\">\n\t\t\t\t\t\t<span class=\"elementor-button-content-wrapper\">\n\t\t\t\t\t\t\t\t\t<span class=\"elementor-button-text\">Request a service measurement<\/span>\n\t\t\t\t\t<\/span>\n\t\t\t\t\t<\/a>\n\t\t\t\t<\/div>\n\t\t\t\t\t\t\t\t<\/div>\n\t\t\t\t<\/div>\n\t\t\t\t\t<\/div>\n\t\t\t\t<\/div>\n\t\t\t\t\t<\/div>\n\t\t\t\t<\/div>\n\t\t\t\t<\/div>","protected":false},"excerpt":{"rendered":"<p>Maschinenakustik Das Wichtigste in K\u00fcrze Durch Arbeitsumwandungsprozesse wird Energie von Maschinen in dynamische Kr\u00e4fte umgewandelt, welche die Maschinenstruktur in Schwingung versetzen. Diese Schwingungen (K\u00f6rperschall) \u00fcbertragen sich \u00fcber die Maschinenoberfl\u00e4che auf die Luft und werden in Luftschall umgewandelt. Wenn diese Luftschwankung ausreichend gro\u00df ist, nehmen wir sie als Ger\u00e4usch war. Im Falle einer sehr hohen Intensit\u00e4t [&hellip;]<\/p>","protected":false},"author":1,"featured_media":0,"parent":0,"menu_order":0,"comment_status":"closed","ping_status":"closed","template":"","meta":{"footnotes":""},"class_list":["post-1022","page","type-page","status-publish","hentry"],"blocksy_meta":[],"_links":{"self":[{"href":"https:\/\/holo-metrix.com\/en\/wp-json\/wp\/v2\/pages\/1022","targetHints":{"allow":["GET"]}}],"collection":[{"href":"https:\/\/holo-metrix.com\/en\/wp-json\/wp\/v2\/pages"}],"about":[{"href":"https:\/\/holo-metrix.com\/en\/wp-json\/wp\/v2\/types\/page"}],"author":[{"embeddable":true,"href":"https:\/\/holo-metrix.com\/en\/wp-json\/wp\/v2\/users\/1"}],"replies":[{"embeddable":true,"href":"https:\/\/holo-metrix.com\/en\/wp-json\/wp\/v2\/comments?post=1022"}],"version-history":[{"count":153,"href":"https:\/\/holo-metrix.com\/en\/wp-json\/wp\/v2\/pages\/1022\/revisions"}],"predecessor-version":[{"id":12620,"href":"https:\/\/holo-metrix.com\/en\/wp-json\/wp\/v2\/pages\/1022\/revisions\/12620"}],"wp:attachment":[{"href":"https:\/\/holo-metrix.com\/en\/wp-json\/wp\/v2\/media?parent=1022"}],"curies":[{"name":"wp","href":"https:\/\/api.w.org\/{rel}","templated":true}]}}